{"id":18,"date":"2014-07-18T11:40:42","date_gmt":"2014-07-18T11:40:42","guid":{"rendered":"http:\/\/racodelarnau.es\/?page_id=18"},"modified":"2023-08-28T09:18:05","modified_gmt":"2023-08-28T09:18:05","slug":"inicio-3","status":"publish","type":"page","link":"https:\/\/acemar2011.es\/","title":{"rendered":"Inicio"},"content":{"rendered":"<p>&nbsp;<\/p>\n<hr>\n<p>&nbsp;<\/p>\n<div class=\"one-one first content-box-white\">\n<p style=\"text-align: justify;\">El acero de refuerzo, tambi\u00e9n llamado ferralla, es uno de los materiales utilizados en la industria de la construcci\u00f3n.<\/p>\n<p>Gracias al acero corrugado podemos realizar cualquier tipo de obra que se desee, en conformidad a unos dise\u00f1os y detalles mostrados.<\/p>\n<p>Es uno de los elementos m\u00e1s importantes en las edificaciones, es por ello que el acero debe tener unas calidades adecuadas, con sus correspondientes sellos que garantice la perfecta condici\u00f3n del material.<\/p>\n<p>En Acemar2011 S. L. nos dedicamos a la elaboraci\u00f3n y montaje de la ferralla, pero queremos ofrecer y ofrecemos algo m\u00e1s. Gracias a los ferrallas con amplia experiencia de los que disponemos proporcionamos soluciones a sus necesidades. Disponemos de un <a href=\"http:\/\/www.ferralla.net\">programa de ferralla<\/a> para optimizar la importacion de autocad, despiece del plano y proceso de corte y montaje.<\/p>\n<p style=\"text-align: justify;\">Nuestro objetivo no es solo realizar el trabajo, es dar un paso m\u00e1s hacia delante y transmitir eficacia, seriedad, responsabilidad, en definitiva tranquilidad a nuestros contratantes.<\/p>\n<\/div>\n<p>&nbsp;<\/p>\n<div class=\"one-one first content-box-white\">\n<p><a href=\"https:\/\/acemar2011.es\/wp-content\/uploads\/2015\/01\/ARMA_PASI_FER-EN_RGB-1.png\"><img decoding=\"async\" loading=\"lazy\" class=\"alignnone size-medium wp-image-1131\" src=\"https:\/\/acemar2011.es\/wp-content\/uploads\/2015\/01\/ARMA_PASI_FER-EN_RGB-1-155x300.png\" alt=\"\" width=\"155\" height=\"300\" srcset=\"https:\/\/acemar2011.es\/wp-content\/uploads\/2015\/01\/ARMA_PASI_FER-EN_RGB-1-155x300.png 155w, https:\/\/acemar2011.es\/wp-content\/uploads\/2015\/01\/ARMA_PASI_FER-EN_RGB-1.png 530w\" sizes=\"(max-width: 155px) 100vw, 155px\" \/><span style=\"color: #000000;\"><strong>Nos complace comunicarles que la empresa APPLUS + ha otorgado su sello a nuestra ampresa, ACEMAR 2011. <\/strong><\/span><\/a><\/p>\n<p><a href=\"https:\/\/acemar2011.es\/wp-content\/uploads\/2015\/01\/ARMA_PASI_FER-EN_RGB-1.png\"><span style=\"color: #000000;\"><strong>APPLUS+ certifica y demuestra nuestro sistemas de gesti\u00f3n y procedimientos para nuestros clientes y&nbsp; cumplimos las normas internacionales de calidad m\u00e1s estrictas y de responsabilidad social y ambiental, as\u00ed como las normas m\u00e1s ampliamente reconocidas en su sector.<\/strong><\/span><\/a><\/p>\n<\/div>\n<div class=\"one-one first content-box-white\">\n<p style=\"text-align: left;\"><span style=\"color: #000000;\"><strong>ACEMAR 2011 S.L.<\/strong><\/span><\/p>\n<p style=\"text-align: left;\">Ptda TORRELLANO BAJO (P, 43-PROX B, Bajo)<br \/>\nTORRELLANO<br \/>\n03320 ELCHE\/ELX (ALICANTE)<\/p>\n<p>PEDRO (ADMINISTRACION) (657 939 154) (<a href=\"&#109;a&#105;&#108;&#116;o:&#100;&#105;&#114;&#101;&#99;&#99;i&#111;n&#64;&#97;&#99;e&#109;&#97;&#114;2&#48;11.&#101;s\" style=\"color: blue\">d&#105;&#114;&#101;c&#99;i&#111;&#110;&#64;&#97;&#99;e&#109;&#97;&#114;&#50;&#48;11.&#101;s<\/a>)<br \/>\nPEDRO (TALLER) (657 814 696) (<a href=\"ma&#105;lto:ta&#108;&#108;er&#64;ace&#109;ar2&#48;11&#46;&#101;&#115;\" style=\"color: blue\">&#116;&#97;&#108;&#108;&#101;&#114;&#64;&#97;c&#101;mar&#50;01&#49;.e&#115;<\/a>)<\/p>\n<p>OFICINA ( 604 43 79 57)<\/p>\n<p>HORARIO:<br \/>\nLUNES A JUEVES (8:00 A 14:00) (15:00 A 18:00)<br \/>\nVIERNES (8:00 A 14:00)<\/p>\n<\/div>\n","protected":false},"excerpt":{"rendered":"<p>&nbsp; &nbsp; El acero de refuerzo, tambi\u00e9n llamado ferralla, es uno de los materiales utilizados en la industria de la construcci\u00f3n. Gracias al acero corrugado podemos realizar cualquier tipo de obra que se desee, en conformidad a unos dise\u00f1os y detalles mostrados. Es uno de los elementos m\u00e1s importantes en las edificaciones, es por ello [&hellip;]<\/p>\n","protected":false},"author":1,"featured_media":0,"parent":0,"menu_order":0,"comment_status":"open","ping_status":"open","template":"","meta":[],"_links":{"self":[{"href":"https:\/\/acemar2011.es\/index.php?rest_route=\/wp\/v2\/pages\/18"}],"collection":[{"href":"https:\/\/acemar2011.es\/index.php?rest_route=\/wp\/v2\/pages"}],"about":[{"href":"https:\/\/acemar2011.es\/index.php?rest_route=\/wp\/v2\/types\/page"}],"author":[{"embeddable":true,"href":"https:\/\/acemar2011.es\/index.php?rest_route=\/wp\/v2\/users\/1"}],"replies":[{"embeddable":true,"href":"https:\/\/acemar2011.es\/index.php?rest_route=%2Fwp%2Fv2%2Fcomments&post=18"}],"version-history":[{"count":228,"href":"https:\/\/acemar2011.es\/index.php?rest_route=\/wp\/v2\/pages\/18\/revisions"}],"predecessor-version":[{"id":1270,"href":"https:\/\/acemar2011.es\/index.php?rest_route=\/wp\/v2\/pages\/18\/revisions\/1270"}],"wp:attachment":[{"href":"https:\/\/acemar2011.es\/index.php?rest_route=%2Fwp%2Fv2%2Fmedia&parent=18"}],"curies":[{"name":"wp","href":"https:\/\/api.w.org\/{rel}","templated":true}]}}